{"id":1542,"date":"2017-06-21T20:36:32","date_gmt":"2017-06-21T18:36:32","guid":{"rendered":"https:\/\/orgelconcertenhoflaankerk.nl\/?page_id=1542"},"modified":"2026-03-29T22:05:38","modified_gmt":"2026-03-29T20:05:38","slug":"volgende-concert","status":"publish","type":"page","link":"https:\/\/orgelconcertenhoflaankerk.nl\/?page_id=1542","title":{"rendered":"Volgende concert"},"content":{"rendered":"<div class=\"articleBody max-w-none md:max-w-4xl px-2 md:px-0  md:mx-0 prose prose-sm md:prose lg:mx-auto\">\n<div class=\"break-words  px-2 md:px-0\">\u00a0<\/div>\n<div class=\"break-words  px-2 md:px-0\">\n<div class=\"content-wrap\">\n<div data-canvas-width=\"148.7493333333333\">Op vrijdag 24 april 2026 20.00<br \/><br \/><\/div>\n<div data-canvas-width=\"518.1760000000002\"><strong>Orgelconcert \u2018Resonance\u2019:<\/strong><br \/><br \/>Laat verleden en heden klinken in de Hoflaankerk<\/div>\n<div data-canvas-width=\"546.7519999999997\">In de dagen voorafgaand aan Koningsdag en 4 en 5 mei, wanneer in Nederland wordt<\/div>\n<div data-canvas-width=\"560.4319999999998\">stilgestaan bij herinnering en vrijheid, geeft Wouter van der Wilt in de Hoflaankerk een<\/div>\n<div data-canvas-width=\"146.81599999999997\">concert rond het thema Resonance \u2013 Reflection and Renewal.<\/div>\n<div data-canvas-width=\"145.344\">Muziek die draait om herdenken, herinneren en traditie enerzijds, en vernieuwing en vooruitkijken anderzijds. Het concert verkent hoe muziek uit verschillende tijden kan blijven doorwerken: als herinnering, maar ook als bron van nieuwe inspiratie.<br \/><br \/><\/div>\n<div data-canvas-width=\"574.6239999999999\">Het concert opent met het Praeludium en Fuga in d-klein BWV 539 van Johann Sebastian Bach, een werk waarin de heldere architectuur van de barok centraal staat. Daarna volgt\u00a0La\u00a0Catedral\u00a0van de Paraguayaanse componist Agust\u00edn Barrios Mangor\u00e9, ge\u00efnspireerd door een\u00a0moment van stilte en bezinning in een kathedraal. Oorspronkelijk voor gitaar, maar hier\u00a0uitgevoerd op orgel.<br \/><br \/><\/div>\n<div data-canvas-width=\"586.7199999999998\">Een belangrijk element in het programma vormen historische melodie\u00ebn uit de Nederlandse\u00a0traditie. Drie Valeriusliederen van Bram Beekman laten horen hoe deze in een moderne\u00a0muzikale taal opnieuw kunnen resoneren. Ook de variaties Waar dat men zich al keert of\u00a0wendt\u00a0van Willem Mudde grijpen terug op de bundel\u00a0Nederlandtsche Gedenck-clanck\u00a0van\u00a0Valerius, waarin liederen over Nederlandse geschiedenis, strijd en identiteit zijn verzameld.<br \/><br \/><\/div>\n<div data-canvas-width=\"584.7839999999999\">Naast deze werken uit het repertoire klinkt ook een nieuwe compositie van de organist zelf,\u00a0Traces of Time, geschreven voor deze gelegenheid. In dit stuk staat het spanningsveld tussen\u00a0herinneren en vooruitkijken centraal: muziek als plek waar verleden en toekomst elkaar raken.<br \/><br \/><\/div>\n<div data-canvas-width=\"594.5919999999999\">Het concert besluit met de monumentale Vierde orgelsonate van August Gottfried Ritter, een\u00a0groots werk met een link naar het Nederland van de negentiende eeuw, waarin oudere\u00a0stijltradities en romantische expressie samenkomen.<br \/><br \/><\/div>\n<div data-canvas-width=\"552.9919999999998\">Het programma duurt ongeveer 65\u201370 minuten. Het concert begint om 20.00 uur in de<\/div>\n<div data-canvas-width=\"592.0639999999997\">Hoflaankerk, Oudedijk 2, Rotterdam. .\u00a0<\/div>\n<\/div>\n<\/div>\n<\/div>\n<p>&nbsp;<\/p>\n<p>Op twee projectie schermen ziet u de organist spelen<\/p>\n<p>De entree is gratis, na afloop is er een collecte.<\/p>\n<p>Voor en na het concert is er i.v.m. mogelijk onvoldoende vrijwilligers geen koffie of thee verkrijgbaar.<\/p>\n<p><strong>\u00a0 \u00a0 \u00a0 \u00a0 \u00a0 \u00a0 \u00a0 \u00a0 \u00a0 \u00a0 \u00a0 \u00a0 \u00a0 \u00a0 \u00a0 \u00a0 \u00a0 \u00a0 \u00a0 Van harte welkom!<\/strong><\/p>\n<p>&nbsp;<\/p>\n<div class=\"articleBody max-w-none md:max-w-4xl px-2 md:px-0  md:mx-0 prose prose-sm md:prose lg:mx-auto\">\n<div class=\"break-words  px-2 md:px-0\">\n<div class=\"content-wrap\">\n<p>Wilt<em> u een week van tevoren een email ontvangen over een komend concert? Stuur dan uw e-mailadres naar <a href=\"mailto:info@orgelconcertenhoflaankerk.nl\">info@orgelconcertenhoflaankerk.nl<\/a>. U kunt zich daar ook weer afmelden.<br \/><\/em><\/p>\n<\/div>\n<\/div>\n<div class=\"break-words  px-2 md:px-0\">\u00a0<\/div>\n<\/div>\n<p style=\"text-align: center;\">&#8212;&#8212;&#8212;&#8212;&#8212; <strong>orgelconcerten Hoflaankerk <\/strong>&#8212;&#8212;&#8212;&#8212;&#8212;&#8212;-<\/p>\n\n\n<p><\/p>\n","protected":false},"excerpt":{"rendered":"<p>\u00a0 Op vrijdag 24 april 2026 20.00 Orgelconcert \u2018Resonance\u2019: Laat verleden en heden klinken in de Hoflaankerk In de dagen voorafgaand aan Koningsdag en 4 en 5 mei, wanneer in Nederland wordt stilgestaan bij herinnering en vrijheid, geeft Wouter van &hellip; <a href=\"https:\/\/orgelconcertenhoflaankerk.nl\/?page_id=1542\">Lees verder <span class=\"meta-nav\">&rarr;<\/span><\/a><\/p>\n","protected":false},"author":1,"featured_media":1129,"parent":0,"menu_order":0,"comment_status":"closed","ping_status":"closed","template":"","meta":{"footnotes":""},"class_list":["post-1542","page","type-page","status-publish","has-post-thumbnail","hentry"],"_links":{"self":[{"href":"https:\/\/orgelconcertenhoflaankerk.nl\/index.php?rest_route=\/wp\/v2\/pages\/1542","targetHints":{"allow":["GET"]}}],"collection":[{"href":"https:\/\/orgelconcertenhoflaankerk.nl\/index.php?rest_route=\/wp\/v2\/pages"}],"about":[{"href":"https:\/\/orgelconcertenhoflaankerk.nl\/index.php?rest_route=\/wp\/v2\/types\/page"}],"author":[{"embeddable":true,"href":"https:\/\/orgelconcertenhoflaankerk.nl\/index.php?rest_route=\/wp\/v2\/users\/1"}],"replies":[{"embeddable":true,"href":"https:\/\/orgelconcertenhoflaankerk.nl\/index.php?rest_route=%2Fwp%2Fv2%2Fcomments&post=1542"}],"version-history":[{"count":515,"href":"https:\/\/orgelconcertenhoflaankerk.nl\/index.php?rest_route=\/wp\/v2\/pages\/1542\/revisions"}],"predecessor-version":[{"id":3096,"href":"https:\/\/orgelconcertenhoflaankerk.nl\/index.php?rest_route=\/wp\/v2\/pages\/1542\/revisions\/3096"}],"wp:featuredmedia":[{"embeddable":true,"href":"https:\/\/orgelconcertenhoflaankerk.nl\/index.php?rest_route=\/wp\/v2\/media\/1129"}],"wp:attachment":[{"href":"https:\/\/orgelconcertenhoflaankerk.nl\/index.php?rest_route=%2Fwp%2Fv2%2Fmedia&parent=1542"}],"curies":[{"name":"wp","href":"https:\/\/api.w.org\/{rel}","templated":true}]}}